{"id":4189,"date":"2022-03-26T14:21:52","date_gmt":"2022-03-26T14:21:52","guid":{"rendered":"https:\/\/gasleaks.org\/riesgo-financiero\/"},"modified":"2026-03-27T20:43:52","modified_gmt":"2026-03-27T20:43:52","slug":"riesgo-financiero","status":"publish","type":"page","link":"https:\/\/gasleaks.org\/es\/riesgo-financiero\/","title":{"rendered":"Riesgo financiero"},"content":{"rendered":"<div class=\"wpb-content-wrapper\"><p>[vc_row][vc_column][vc_row_inner css=\u00bb.vc_custom_1724171388066{padding-bottom: 30px !important;}\u00bb][vc_column_inner]\n\t\t\t\t<p class=\"rs-p-wp-fix\"><\/p>\n\t\t\t\t<sr7-module data-alias=\"slider-2\" data-id=\"5\" id=\"SR7_5_1\" class=\"rs-ov-hidden\" data-version=\"6.7.51\">\n\t\t\t\t\t<sr7-adjuster><\/sr7-adjuster>\n\t\t\t\t\t<sr7-content>\n\t\t\t\t\t\t<sr7-slide id=\"SR7_5_1-9\" data-key=\"9\">\n\t\t\t\t\t\t\t<sr7-txt id=\"SR7_5_1-9-1\" class=\"sr7-layer\">GAS IS EXPENSIVE!<\/sr7-txt>\n\t\t\t\t\t\t\t<sr7-txt id=\"SR7_5_1-9-2\" class=\"sr7-layer\">Financial Risk<\/sr7-txt>\n\t\t\t\t\t\t<\/sr7-slide>\n\t\t\t\t\t\t<sr7-slide id=\"SR7_5_1-114\" data-key=\"114\">\n\t\t\t\t\t\t<\/sr7-slide>\n\t\t\t\t\t<\/sr7-content>\n\t\t\t\t\t<image_lists style=\"display:none\">\n\t\t\t\t\t\t<img data-src=\"\/\/gasleaks.org\/wp-content\/uploads\/2022\/06\/finanicial-1.jpg\" width=\"0\" height=\"0\" data-dbsrc=\"Ly9nYXNsZWFrcy5vcmcvd3AtY29udGVudC91cGxvYWRzLzIwMjIvMDYvZmluYW5pY2lhbC0xLmpwZw==\"\/>\n\t\t\t\t\t<\/image_lists>\n\t\t\t\t<\/sr7-module>\n\t\t\t\t<script>\n\t\t\t\t\twindow.SR7 ??={};SR7.PMH ??={}; SR7.PMH[\"SR7_5_1\"] = {cn:100,state:false,fn: function() { if (window._tpt!==undefined && window._tpt.prepareModuleHeight !== undefined) {  _tpt.prepareModuleHeight({id:\"SR7_5_1\",el:[440,440,768,960,720],type:'hero',shdw:'0',gh:[440,440,,,],gw:[1240,1240,1024,778,480],vpt:['100px'],size:{fullWidth:true, fullHeight:false},mh:'0',onh:0,onw:0,bg:{color:'{\"orig\":\"transparent\",\"type\":\"solid\",\"string\":\"transparent\"}',image:{src:'https:\/\/gasleaks.org\/wp-content\/uploads\/2022\/06\/finanicial-1.jpg',size:'',position:'center center',repeat:''}}});   SR7.PMH[\"SR7_5_1\"].state=true;} else if(SR7.PMH[\"SR7_5_1\"].cn-->0)\tsetTimeout( SR7.PMH[\"SR7_5_1\"].fn,19);}};SR7.PMH[\"SR7_5_1\" ].fn();\n\t\t\t\t<\/script>\n[\/vc_column_inner][\/vc_row_inner][vc_row_inner css=\u00bb.vc_custom_1724171565712{margin-bottom: 30px !important;padding-top: 30px !important;padding-bottom: 30px !important;}\u00bb][vc_column_inner][vc_column_text]<span class=\"s1\" style=\"color: #222; font-weight: 400; font-size: 20px;\">Millones de estadounidenses que utilizan gas para calentar sus hogares est\u00e1n <a href=\"https:\/\/gasleaks.org\/es\/?p=4206\" target=\"_blank\" rel=\"noopener\"><span class=\"s2\">pagando facturas mensuales m\u00e1s altas<\/span><\/a>mientras los ejecutivos e inversores de la industria <a href=\"https:\/\/www.theguardian.com\/business\/2021\/dec\/06\/oil-companies-profits-exxon-chevron-shell-exclusive\" target=\"_blank\" rel=\"noopener\"><span class=\"s3\">se llevan a casa beneficios r\u00e9cord<\/span><\/a>. Los precios se disparan a medida que la industria presiona para exportar m\u00e1s gas internacionalmente y <a href=\"https:\/\/www.reuters.com\/world\/americas\/uneven-recovery-us-offshore-energy-production-after-ida-2021-09-03\/\" target=\"_blank\" rel=\"noopener\"><span class=\"s3\">el clima extremo provocado por la crisis clim\u00e1tica<\/span><\/a> perturba nuestros sistemas energ\u00e9ticos dependientes de los combustibles f\u00f3siles. <\/span>[\/vc_column_text][\/vc_column_inner][\/vc_row_inner][vc_row_inner css=\u00bb.vc_custom_1724171440545{margin-bottom: 30px !important;}\u00bb][vc_column_inner][vc_custom_heading text=\u00bbLA INDUSTRIA DEL GAS DA PRIORIDAD A LOS BENEFICIOS FRENTE A LAS PERSONAS\u00bb font_container=\u00bbtag:h4|font_size:25|text_align:left|color:%23be1e2d\u00bb use_theme_fonts=\u00bbyes\u00bb][vc_column_text css=\u00bb.vc_custom_1680372584410{padding-left: 20px !important;}\u00bb]<span style=\"font-weight: 400;\">Los costes de los combustibles f\u00f3siles se disparan, pero a la industria le gusta que sea as\u00ed &#8211; <\/span><a href=\"https:\/\/www.cnn.com\/2022\/03\/24\/energy\/gas-prices-oil-production-wall-street\/index.html\" target=\"_blank\" rel=\"noopener\"><span style=\"font-weight: 400;\">una oferta baja significa m\u00e1s beneficios para los ejecutivos y los inversores<\/span><\/a><span style=\"font-weight: 400;\">. Mientras tanto, la industria est\u00e1 presionando a los pol\u00edticos para que bloqueen la transici\u00f3n a energ\u00edas renovables m\u00e1s asequibles, como la e\u00f3lica y la solar, al tiempo que  <\/span><a href=\"https:\/\/priceofoil.org\/fossil-fuel-subsidies\/\" target=\"_blank\" rel=\"noopener\"><span style=\"font-weight: 400;\">manteniendo el flujo de miles de millones en subvenciones p\u00fablicas<\/span><\/a><span style=\"font-weight: 400;\">.<\/span>[\/vc_column_text][\/vc_column_inner][\/vc_row_inner][vc_row_inner css=\u00bb.vc_custom_1724171436578{margin-bottom: 30px !important;}\u00bb][vc_column_inner][vc_custom_heading text=\u00bbEL GRAN GAS ES UNA INDUSTRIA MUERTA ANDANTE\u00bb font_container=\u00bbtag:h4|font_size:25|text_align:left|color:%23be1e2d\u00bb use_theme_fonts=\u00bbyes\u00bb][vc_column_text css=\u00bb.vc_custom_1680372617936{padding-left: 20px !important;}\u00bb]<span style=\"font-weight: 400;\">La industria estaba <\/span><a href=\"https:\/\/ieefa.org\/ieefa-update-fracking-companies-2019-performance-signals-ongoing-crisis\/\" target=\"_blank\" rel=\"noopener\"><span style=\"font-weight: 400;\">perdiendo puestos de trabajo y luchando por conseguir financiaci\u00f3n<\/span><\/a><span style=\"font-weight: 400;\">  durante a\u00f1os antes de que la pandemia de coronavirus y la guerra mundial de precios hundieran la industria. Wall Street ha apretado las clavijas mientras las empresas gasistas han contra\u00eddo cientos de miles de millones de d\u00f3lares en deudas que no tienen esperanza de devolver jam\u00e1s. La industria del gas es un castillo de naipes financiero: es hora de construir un futuro energ\u00e9tico limpio m\u00e1s seguro.  <\/span>[\/vc_column_text][\/vc_column_inner][\/vc_row_inner][vc_row_inner css=\u00bb.vc_custom_1724171446249{margin-bottom: 30px !important;}\u00bb][vc_column_inner][vc_custom_heading text=\u00bbEL GAS NO PUEDE SUPERAR A LAS RENOVABLES\u00bb font_container=\u00bbtag:h4|font_size:25|text_align:left|color:%23be1e2d\u00bb use_theme_fonts=\u00bbyes\u00bb][vc_column_text css=\u00bb.vc_custom_1680372657199{padding-left: 20px !important;}\u00bb]<span style=\"font-weight: 400;\">Los estadounidenses est\u00e1n pagando el precio de la volatilidad de la gasolina: desde el r\u00e1pido aumento de los precios en EE.UU., hasta los <\/span><a href=\"https:\/\/arstechnica.com\/tech-policy\/2021\/11\/natural-gas-customers-in-texas-get-stuck-with-3-4-billion-cold-snap-surcharge\/\" target=\"_blank\" rel=\"noopener\"><span style=\"font-weight: 400;\">recargos de miles de d\u00f3lares<\/span><\/a><span style=\"font-weight: 400;\"> tras los fallos del sistema de gas en la <\/span><a href=\"https:\/\/sierraclub.org\/press-releases\/2022\/02\/new-report-2021-s-winter-storm-uri-didn-t-need-be-so-deadly-and-expensive-1\" target=\"_blank\" rel=\"noopener\"><span style=\"font-weight: 400;\">congelaci\u00f3n mortal de Texas en febrero de 2021<\/span><\/a><span style=\"font-weight: 400;\">. Mientras tanto, la e\u00f3lica y la solar han conseguido  <\/span><a href=\"https:\/\/www.irena.org\/newsroom\/pressreleases\/2021\/Jun\/Majority-of-New-Renewables-Undercut-Cheapest-Fossil-Fuel-on-Cost\" target=\"_blank\" rel=\"noopener\"><span style=\"font-weight: 400;\">cada vez m\u00e1s barato y fiable<\/span><\/a><span style=\"font-weight: 400;\">con la ventaja a\u00f1adida de tener un coste cero de combustible para siempre. El sol y el viento no suben repentinamente de precio como la gasolina. <\/span>[\/vc_column_text][\/vc_column_inner][\/vc_row_inner][vc_row_inner css=\u00bb.vc_custom_1724171477664{margin-bottom: 30px !important;padding-bottom: 30px !important;}\u00bb][vc_column_inner][vc_custom_heading text=\u00bbLOS BENEFICIOS DEL GAS SE OBTIENEN A EXPENSAS DE LAS COMUNIDADES MARGINADAS\u00bb font_container=\u00bbtag:h4|font_size:25|text_align:left|color:%23be1e2d\u00bb use_theme_fonts=\u00bbyes\u00bb][vc_column_text css=\u00bb.vc_custom_1680372683941{padding-left: 20px !important;}\u00bb]<span style=\"font-weight: 400;\">La industria est\u00e1 desesperada por ampliar el uso de su sucio producto construyendo m\u00e1s instalaciones de exportaci\u00f3n de gas, pl\u00e1sticos y petroqu\u00edmicas, <\/span><a href=\"https:\/\/www.texasobserver.org\/the-export-boom\/\" target=\"_blank\" rel=\"noopener\"><span style=\"font-weight: 400;\">a menudo cerca de comunidades de color<\/span><\/a><span style=\"font-weight: 400;\">  que ya viven con elevados niveles de contaminaci\u00f3n del aire y del agua. Los beneficios a corto plazo que obtenga la industria ser\u00e1n s\u00f3lo eso, a corto plazo, mientras que la poblaci\u00f3n vivir\u00e1 con las consecuencias a largo plazo para el clima y la calidad del aire. <\/span>[\/vc_column_text][\/vc_column_inner][\/vc_row_inner][vc_row_inner css=\u00bb.vc_custom_1724171647151{margin-bottom: 60px !important;padding-top: 30px !important;}\u00bb][vc_column_inner][vc_column_text]<\/p>\n<p><img loading=\"lazy\" decoding=\"async\" class=\"alignnone size-full wp-image-961\" src=\"https:\/\/gasleaks.org\/wp-content\/uploads\/2022\/04\/financial-risk.jpg\" alt=\"\" width=\"1400\" height=\"384\" srcset=\"https:\/\/gasleaks.org\/wp-content\/uploads\/2022\/04\/financial-risk.jpg 1400w, https:\/\/gasleaks.org\/wp-content\/uploads\/2022\/04\/financial-risk-300x82.jpg 300w, https:\/\/gasleaks.org\/wp-content\/uploads\/2022\/04\/financial-risk-1024x281.jpg 1024w, https:\/\/gasleaks.org\/wp-content\/uploads\/2022\/04\/financial-risk-768x211.jpg 768w\" sizes=\"auto, (max-width: 1400px) 100vw, 1400px\" \/>[\/vc_column_text][\/vc_column_inner][\/vc_row_inner][\/vc_column][\/vc_row]<\/p>\n<\/div>","protected":false},"excerpt":{"rendered":"<p>[vc_row][vc_column][vc_row_inner css=\u00bb.vc_custom_1724171388066{padding-bottom: 30px !important;}\u00bb][vc_column_inner][\/vc_column_inner][\/vc_row_inner][vc_row_inner css=\u00bb.vc_custom_1724171565712{margin-bottom: 30px !important;padding-top: 30px !important;padding-bottom: 30px !important;}\u00bb][vc_column_inner][vc_column_text]Millones de estadounidenses que utilizan gas para calentar sus hogares est\u00e1n pagando facturas mensuales m\u00e1s altasmientras los ejecutivos e inversores de la industria se llevan a casa beneficios r\u00e9cord. Los precios se disparan a medida que la industria presiona para exportar m\u00e1s gas internacionalmente y [&hellip;]<\/p>\n","protected":false},"author":1,"featured_media":0,"parent":0,"menu_order":0,"comment_status":"closed","ping_status":"closed","template":"page.php","meta":{"content-type":"","inline_featured_image":false,"footnotes":""},"class_list":["post-4189","page","type-page","status-publish","hentry"],"yoast_head":"<!-- This site is optimized with the Yoast SEO plugin v27.1.1 - https:\/\/yoast.com\/product\/yoast-seo-wordpress\/ -->\n<title>Riesgo financiero - Gas Leaks<\/title>\n<meta name=\"description\" content=\"Millones de estadounidenses que utilizan gas para calentar sus hogares est\u00e1n pagando facturas mensuales m\u00e1s elevadas...\" \/>\n<meta name=\"robots\" content=\"index, follow, max-snippet:-1, max-image-preview:large, max-video-preview:-1\" \/>\n<link rel=\"canonical\" href=\"https:\/\/gasleaks.org\/es\/riesgo-financiero\/\" \/>\n<meta property=\"og:locale\" content=\"es_ES\" \/>\n<meta property=\"og:type\" content=\"article\" \/>\n<meta property=\"og:title\" content=\"Riesgo financiero - Gas Leaks\" \/>\n<meta property=\"og:description\" content=\"Millones de estadounidenses que utilizan gas para calentar sus hogares est\u00e1n pagando facturas mensuales m\u00e1s elevadas...\" \/>\n<meta property=\"og:url\" content=\"https:\/\/gasleaks.org\/es\/riesgo-financiero\/\" \/>\n<meta property=\"og:site_name\" content=\"Gas Leaks\" \/>\n<meta property=\"article:publisher\" content=\"https:\/\/www.facebook.com\/hot.and.toxic\" \/>\n<meta property=\"article:modified_time\" content=\"2026-03-27T20:43:52+00:00\" \/>\n<meta property=\"og:image\" content=\"https:\/\/gasleaks.org\/wp-content\/uploads\/2022\/04\/financial-risk.jpg\" \/>\n\t<meta property=\"og:image:width\" content=\"1400\" \/>\n\t<meta property=\"og:image:height\" content=\"384\" \/>\n\t<meta property=\"og:image:type\" content=\"image\/jpeg\" \/>\n<meta name=\"twitter:card\" content=\"summary_large_image\" \/>\n<meta name=\"twitter:site\" content=\"@GasLeaksProject\" \/>\n<meta name=\"twitter:label1\" content=\"Tiempo de lectura\" \/>\n\t<meta name=\"twitter:data1\" content=\"4 minutos\" \/>\n<script type=\"application\/ld+json\" class=\"yoast-schema-graph\">{\"@context\":\"https:\/\/schema.org\",\"@graph\":[{\"@type\":\"WebPage\",\"@id\":\"https:\/\/gasleaks.org\/es\/riesgo-financiero\/\",\"url\":\"https:\/\/gasleaks.org\/es\/riesgo-financiero\/\",\"name\":\"Riesgo financiero - Gas Leaks\",\"isPartOf\":{\"@id\":\"https:\/\/gasleaks.org\/es\/#website\"},\"primaryImageOfPage\":{\"@id\":\"https:\/\/gasleaks.org\/es\/riesgo-financiero\/#primaryimage\"},\"image\":{\"@id\":\"https:\/\/gasleaks.org\/es\/riesgo-financiero\/#primaryimage\"},\"thumbnailUrl\":\"https:\/\/gasleaks.org\/wp-content\/uploads\/2022\/04\/financial-risk.jpg\",\"datePublished\":\"2022-03-26T14:21:52+00:00\",\"dateModified\":\"2026-03-27T20:43:52+00:00\",\"description\":\"Millones de estadounidenses que utilizan gas para calentar sus hogares est\u00e1n pagando facturas mensuales m\u00e1s elevadas...\",\"breadcrumb\":{\"@id\":\"https:\/\/gasleaks.org\/es\/riesgo-financiero\/#breadcrumb\"},\"inLanguage\":\"es\",\"potentialAction\":[{\"@type\":\"ReadAction\",\"target\":[\"https:\/\/gasleaks.org\/es\/riesgo-financiero\/\"]}]},{\"@type\":\"ImageObject\",\"inLanguage\":\"es\",\"@id\":\"https:\/\/gasleaks.org\/es\/riesgo-financiero\/#primaryimage\",\"url\":\"https:\/\/gasleaks.org\/wp-content\/uploads\/2022\/04\/financial-risk.jpg\",\"contentUrl\":\"https:\/\/gasleaks.org\/wp-content\/uploads\/2022\/04\/financial-risk.jpg\"},{\"@type\":\"BreadcrumbList\",\"@id\":\"https:\/\/gasleaks.org\/es\/riesgo-financiero\/#breadcrumb\",\"itemListElement\":[{\"@type\":\"ListItem\",\"position\":1,\"name\":\"Home\",\"item\":\"https:\/\/gasleaks.org\/es\/inicio\/\"},{\"@type\":\"ListItem\",\"position\":2,\"name\":\"Riesgo financiero\"}]},{\"@type\":\"WebSite\",\"@id\":\"https:\/\/gasleaks.org\/es\/#website\",\"url\":\"https:\/\/gasleaks.org\/es\/\",\"name\":\"Gas Leaks\",\"description\":\"Gas Causes Climate Change.\",\"publisher\":{\"@id\":\"https:\/\/gasleaks.org\/es\/#organization\"},\"potentialAction\":[{\"@type\":\"SearchAction\",\"target\":{\"@type\":\"EntryPoint\",\"urlTemplate\":\"https:\/\/gasleaks.org\/es\/?s={search_term_string}\"},\"query-input\":{\"@type\":\"PropertyValueSpecification\",\"valueRequired\":true,\"valueName\":\"search_term_string\"}}],\"inLanguage\":\"es\"},{\"@type\":\"Organization\",\"@id\":\"https:\/\/gasleaks.org\/es\/#organization\",\"name\":\"Gas Leaks\",\"url\":\"https:\/\/gasleaks.org\/es\/\",\"logo\":{\"@type\":\"ImageObject\",\"inLanguage\":\"es\",\"@id\":\"https:\/\/gasleaks.org\/es\/#\/schema\/logo\/image\/\",\"url\":\"https:\/\/gasleaks.org\/wp-content\/uploads\/2022\/03\/gasleak-lg-logo.svg\",\"contentUrl\":\"https:\/\/gasleaks.org\/wp-content\/uploads\/2022\/03\/gasleak-lg-logo.svg\",\"width\":\"1024\",\"height\":\"1024\",\"caption\":\"Gas Leaks\"},\"image\":{\"@id\":\"https:\/\/gasleaks.org\/es\/#\/schema\/logo\/image\/\"},\"sameAs\":[\"https:\/\/www.facebook.com\/hot.and.toxic\",\"https:\/\/x.com\/GasLeaksProject\",\"https:\/\/www.instagram.com\/hot.and.toxic\/\"]}]}<\/script>\n<!-- \/ Yoast SEO plugin. -->","yoast_head_json":{"title":"Riesgo financiero - Gas Leaks","description":"Millones de estadounidenses que utilizan gas para calentar sus hogares est\u00e1n pagando facturas mensuales m\u00e1s elevadas...","robots":{"index":"index","follow":"follow","max-snippet":"max-snippet:-1","max-image-preview":"max-image-preview:large","max-video-preview":"max-video-preview:-1"},"canonical":"https:\/\/gasleaks.org\/es\/riesgo-financiero\/","og_locale":"es_ES","og_type":"article","og_title":"Riesgo financiero - Gas Leaks","og_description":"Millones de estadounidenses que utilizan gas para calentar sus hogares est\u00e1n pagando facturas mensuales m\u00e1s elevadas...","og_url":"https:\/\/gasleaks.org\/es\/riesgo-financiero\/","og_site_name":"Gas Leaks","article_publisher":"https:\/\/www.facebook.com\/hot.and.toxic","article_modified_time":"2026-03-27T20:43:52+00:00","og_image":[{"width":1400,"height":384,"url":"https:\/\/gasleaks.org\/wp-content\/uploads\/2022\/04\/financial-risk.jpg","type":"image\/jpeg"}],"twitter_card":"summary_large_image","twitter_site":"@GasLeaksProject","twitter_misc":{"Tiempo de lectura":"4 minutos"},"schema":{"@context":"https:\/\/schema.org","@graph":[{"@type":"WebPage","@id":"https:\/\/gasleaks.org\/es\/riesgo-financiero\/","url":"https:\/\/gasleaks.org\/es\/riesgo-financiero\/","name":"Riesgo financiero - Gas Leaks","isPartOf":{"@id":"https:\/\/gasleaks.org\/es\/#website"},"primaryImageOfPage":{"@id":"https:\/\/gasleaks.org\/es\/riesgo-financiero\/#primaryimage"},"image":{"@id":"https:\/\/gasleaks.org\/es\/riesgo-financiero\/#primaryimage"},"thumbnailUrl":"https:\/\/gasleaks.org\/wp-content\/uploads\/2022\/04\/financial-risk.jpg","datePublished":"2022-03-26T14:21:52+00:00","dateModified":"2026-03-27T20:43:52+00:00","description":"Millones de estadounidenses que utilizan gas para calentar sus hogares est\u00e1n pagando facturas mensuales m\u00e1s elevadas...","breadcrumb":{"@id":"https:\/\/gasleaks.org\/es\/riesgo-financiero\/#breadcrumb"},"inLanguage":"es","potentialAction":[{"@type":"ReadAction","target":["https:\/\/gasleaks.org\/es\/riesgo-financiero\/"]}]},{"@type":"ImageObject","inLanguage":"es","@id":"https:\/\/gasleaks.org\/es\/riesgo-financiero\/#primaryimage","url":"https:\/\/gasleaks.org\/wp-content\/uploads\/2022\/04\/financial-risk.jpg","contentUrl":"https:\/\/gasleaks.org\/wp-content\/uploads\/2022\/04\/financial-risk.jpg"},{"@type":"BreadcrumbList","@id":"https:\/\/gasleaks.org\/es\/riesgo-financiero\/#breadcrumb","itemListElement":[{"@type":"ListItem","position":1,"name":"Home","item":"https:\/\/gasleaks.org\/es\/inicio\/"},{"@type":"ListItem","position":2,"name":"Riesgo financiero"}]},{"@type":"WebSite","@id":"https:\/\/gasleaks.org\/es\/#website","url":"https:\/\/gasleaks.org\/es\/","name":"Gas Leaks","description":"Gas Causes Climate Change.","publisher":{"@id":"https:\/\/gasleaks.org\/es\/#organization"},"potentialAction":[{"@type":"SearchAction","target":{"@type":"EntryPoint","urlTemplate":"https:\/\/gasleaks.org\/es\/?s={search_term_string}"},"query-input":{"@type":"PropertyValueSpecification","valueRequired":true,"valueName":"search_term_string"}}],"inLanguage":"es"},{"@type":"Organization","@id":"https:\/\/gasleaks.org\/es\/#organization","name":"Gas Leaks","url":"https:\/\/gasleaks.org\/es\/","logo":{"@type":"ImageObject","inLanguage":"es","@id":"https:\/\/gasleaks.org\/es\/#\/schema\/logo\/image\/","url":"https:\/\/gasleaks.org\/wp-content\/uploads\/2022\/03\/gasleak-lg-logo.svg","contentUrl":"https:\/\/gasleaks.org\/wp-content\/uploads\/2022\/03\/gasleak-lg-logo.svg","width":"1024","height":"1024","caption":"Gas Leaks"},"image":{"@id":"https:\/\/gasleaks.org\/es\/#\/schema\/logo\/image\/"},"sameAs":["https:\/\/www.facebook.com\/hot.and.toxic","https:\/\/x.com\/GasLeaksProject","https:\/\/www.instagram.com\/hot.and.toxic\/"]}]}},"rttpg_featured_image_url":null,"rttpg_author":{"display_name":"admin","author_link":"https:\/\/gasleaks.org\/es\/author\/admin\/"},"rttpg_comment":0,"rttpg_category":" <a href=\"https:\/\/gasleaks.org\/es\/?taxonomy=translation_priority&#038;term=opcional\" rel=\"tag\">Opcional<\/a>","rttpg_excerpt":"[vc_row][vc_column][vc_row_inner css=\u00bb.vc_custom_1724171388066{padding-bottom: 30px !important;}\u00bb][vc_column_inner][\/vc_column_inner][\/vc_row_inner][vc_row_inner css=\u00bb.vc_custom_1724171565712{margin-bottom: 30px !important;padding-top: 30px !important;padding-bottom: 30px !important;}\u00bb][vc_column_inner][vc_column_text]Millones de estadounidenses que utilizan gas para calentar sus hogares est\u00e1n pagando facturas mensuales m\u00e1s altasmientras los ejecutivos e inversores de la industria se llevan a casa beneficios r\u00e9cord. Los precios se disparan a medida que la industria presiona para exportar m\u00e1s gas internacionalmente y&hellip;","_links":{"self":[{"href":"https:\/\/gasleaks.org\/es\/wp-json\/wp\/v2\/pages\/4189","targetHints":{"allow":["GET"]}}],"collection":[{"href":"https:\/\/gasleaks.org\/es\/wp-json\/wp\/v2\/pages"}],"about":[{"href":"https:\/\/gasleaks.org\/es\/wp-json\/wp\/v2\/types\/page"}],"author":[{"embeddable":true,"href":"https:\/\/gasleaks.org\/es\/wp-json\/wp\/v2\/users\/1"}],"replies":[{"embeddable":true,"href":"https:\/\/gasleaks.org\/es\/wp-json\/wp\/v2\/comments?post=4189"}],"version-history":[{"count":0,"href":"https:\/\/gasleaks.org\/es\/wp-json\/wp\/v2\/pages\/4189\/revisions"}],"wp:attachment":[{"href":"https:\/\/gasleaks.org\/es\/wp-json\/wp\/v2\/media?parent=4189"}],"curies":[{"name":"wp","href":"https:\/\/api.w.org\/{rel}","templated":true}]}}