{"id":4190,"date":"2022-03-24T17:25:46","date_gmt":"2022-03-24T17:25:46","guid":{"rendered":"https:\/\/gasleaks.org\/clima\/"},"modified":"2026-03-26T21:13:01","modified_gmt":"2026-03-26T21:13:01","slug":"clima","status":"publish","type":"page","link":"https:\/\/gasleaks.org\/es\/clima\/","title":{"rendered":"Clima"},"content":{"rendered":"<div class=\"wpb-content-wrapper\"><p>[vc_row][vc_column]\n\t\t\t\t<p class=\"rs-p-wp-fix\"><\/p>\n\t\t\t\t<sr7-module data-alias=\"finanical-1\" data-id=\"6\" id=\"SR7_6_1\" class=\"rs-ov-hidden\" data-version=\"6.7.51\">\n\t\t\t\t\t<sr7-adjuster><\/sr7-adjuster>\n\t\t\t\t\t<sr7-content>\n\t\t\t\t\t\t<sr7-slide id=\"SR7_6_1-10\" data-key=\"10\">\n\t\t\t\t\t\t\t<sr7-txt id=\"SR7_6_1-10-1\" class=\"sr7-layer\">GAS IS WORSENING THE CLIMATE CRISIS<\/sr7-txt>\n\t\t\t\t\t\t\t<sr7-txt id=\"SR7_6_1-10-2\" class=\"sr7-layer\">Climate<\/sr7-txt>\n\t\t\t\t\t\t<\/sr7-slide>\n\t\t\t\t\t\t<sr7-slide id=\"SR7_6_1-115\" data-key=\"115\">\n\t\t\t\t\t\t<\/sr7-slide>\n\t\t\t\t\t<\/sr7-content>\n\t\t\t\t\t<image_lists style=\"display:none\">\n\t\t\t\t\t\t<img data-src=\"\/\/gasleaks.org\/wp-content\/uploads\/2022\/06\/climate.jpg\" width=\"0\" height=\"0\" data-dbsrc=\"Ly9nYXNsZWFrcy5vcmcvd3AtY29udGVudC91cGxvYWRzLzIwMjIvMDYvY2xpbWF0ZS5qcGc=\"\/>\n\t\t\t\t\t<\/image_lists>\n\t\t\t\t<\/sr7-module>\n\t\t\t\t<script>\n\t\t\t\t\twindow.SR7 ??={};SR7.PMH ??={}; SR7.PMH[\"SR7_6_1\"] = {cn:100,state:false,fn: function() { if (window._tpt!==undefined && window._tpt.prepareModuleHeight !== undefined) {  _tpt.prepareModuleHeight({id:\"SR7_6_1\",el:[440,440,768,960,720],type:'hero',shdw:'0',gh:[440,440,,,],gw:[1240,1240,1024,778,480],vpt:['100px'],size:{fullWidth:true, fullHeight:false},mh:'0',onh:0,onw:0,bg:{color:'{\"orig\":\"transparent\",\"type\":\"solid\",\"string\":\"transparent\"}',image:{src:'https:\/\/gasleaks.org\/wp-content\/uploads\/2022\/06\/climate.jpg',size:'',position:'center center',repeat:''}}});   SR7.PMH[\"SR7_6_1\"].state=true;} else if(SR7.PMH[\"SR7_6_1\"].cn-->0)\tsetTimeout( SR7.PMH[\"SR7_6_1\"].fn,19);}};SR7.PMH[\"SR7_6_1\" ].fn();\n\t\t\t\t<\/script>\n[vc_row_inner css=\u00bb.vc_custom_1724169016689{padding-top: 60px !important;padding-bottom: 60px !important;}\u00bb][vc_column_inner][vc_column_text]<span style=\"color: #222; font-weight: 400; font-size: 20px;\">La industria del gas ha gastado miles de millones de d\u00f3lares durante d\u00e9cadas vendiendo la mentira de que su producto forma parte de un futuro energ\u00e9tico limpio. Conocemos la verdad: el llamado gas \u00abnatural\u00bb es la causa del cambio clim\u00e1tico, no la soluci\u00f3n: su contaminaci\u00f3n total por gases de efecto invernadero es de 1.000 millones de euros.   <\/span><a href=\"https:\/\/www.nytimes.com\/2022\/03\/24\/climate\/methane-leaks-new-mexico.html\" target=\"_blank\" rel=\"noopener\"><span style=\"font-weight: 400;\">peor que el carb\u00f3n<\/span><\/a><span style=\"font-weight: 400;\">.<\/span>[\/vc_column_text][\/vc_column_inner][\/vc_row_inner][vc_row_inner css=\u00bb.vc_custom_1724170287213{margin-bottom: 0px !important;padding-bottom: 30px !important;}\u00bb][vc_column_inner][vc_custom_heading text=\u00bbGAS = METANO\u00bb font_container=\u00bbtag:h4|font_size:25|text_align:left|color:%23be1e2d\u00bb use_theme_fonts=\u00bbyes\u00bb][vc_column_text css=\u00bb.vc_custom_1729114346430{padding-left: 20px !important;}\u00bb]<span style=\"font-weight: 400;\">El metano es un gas de efecto invernadero supercontaminante, m\u00e1s de <\/span><a href=\"https:\/\/news.stanford.edu\/stories\/2024\/09\/methane-emissions-are-rising-faster-than-ever\" target=\"_blank\" rel=\"noopener\"><span style=\"font-weight: 400;\">80 veces m\u00e1s potente<\/span><\/a><span style=\"font-weight: 400;\">  como el di\u00f3xido de carbono. Los niveles de metano en la atm\u00f3sfera son   <\/span><a href=\"https:\/\/www.nature.com\/articles\/d41586-022-00312-2\" target=\"_blank\" rel=\"noopener\"><span style=\"font-weight: 400;\">en niveles r\u00e9cord<\/span><\/a><span style=\"font-weight: 400;\">y la industria del gas es una de las principales fuentes.<\/span>[\/vc_column_text][\/vc_column_inner][\/vc_row_inner][vc_row_inner css=\u00bb.vc_custom_1724170103438{padding-bottom: 30px !important;}\u00bb][vc_column_inner][vc_custom_heading text=\u00bbFUGAS DE GAS CONSTANTES\u00bb font_container=\u00bbtag:h4|font_size:25|text_align:left|color:%23be1e2d\u00bb use_theme_fonts=\u00bbyes\u00bb][vc_column_text css=\u00bb.vc_custom_1680371883881{padding-left: 20px !important;}\u00bb]<span style=\"font-weight: 400;\">Antes de llegar a tu casa, el sistema de gas <\/span><a href=\"https:\/\/thegasindex.org\/where-leaks-occur\/\" target=\"_blank\" rel=\"noopener\"><span style=\"font-weight: 400;\">libera millones de toneladas<\/span><\/a><span style=\"font-weight: 400;\">  de metano a la atm\u00f3sfera. Los perforadores irresponsables lo ventean deliberadamente al aire en los pozos de fracturaci\u00f3n hidr\u00e1ulica. Las empresas no han mantenido millones de kil\u00f3metros de tuber\u00edas decr\u00e9pitas que atraviesan el pa\u00eds. Y hay fugas de gas en los hornos y estufas de nuestras casas y edificios,     <\/span><a href=\"https:\/\/www.npr.org\/2022\/01\/27\/1075874473\/gas-stoves-climate-change-leak-methane\" target=\"_blank\" rel=\"noopener\"><span style=\"font-weight: 400;\">incluso cuando est\u00e1n apagados<\/span><\/a><span style=\"font-weight: 400;\">.<\/span>[\/vc_column_text][\/vc_column_inner][\/vc_row_inner][vc_row_inner css=\u00bb.vc_custom_1724170113326{padding-bottom: 30px !important;}\u00bb][vc_column_inner][vc_custom_heading text=\u00bbEL METANO EST\u00c1 SOBREALIMENTANDO EL CALENTAMIENTO GLOBAL\u00bb font_container=\u00bbtag:h4|font_size:25|text_align:left|color:%23be1e2d\u00bb use_theme_fonts=\u00bbyes\u00bb][vc_column_text css=\u00bb.vc_custom_1680371895301{padding-left: 20px !important;}\u00bb]<span style=\"font-weight: 400;\">La contaminaci\u00f3n por metano es <\/span><a href=\"https:\/\/www.nature.com\/articles\/d41586-022-00312-2\" target=\"_blank\" rel=\"noopener\"><span style=\"font-weight: 400;\">peor que nunca<\/span><\/a><span style=\"font-weight: 400;\">y la culpa la tienen los combustibles f\u00f3siles como el gas y el carb\u00f3n.<\/span>[\/vc_column_text][\/vc_column_inner][\/vc_row_inner][vc_row_inner css=\u00bb.vc_custom_1724170601523{margin-bottom: 30px !important;padding-bottom: 30px !important;}\u00bb][vc_column_inner][vc_custom_heading text=\u00bbNO TIENE POR QU\u00c9 SER AS\u00cd\u00bb font_container=\u00bbtag:h4|font_size:25|text_align:left|color:%23be1e2d\u00bb use_theme_fonts=\u00bbyes\u00bb][vc_column_text css=\u00bb.vc_custom_1680371917292{padding-left: 20px !important;}\u00bb]<a href=\"https:\/\/www.theguardian.com\/environment\/2021\/may\/06\/cut-methane-emissions-rapidly-fight-climate-disasters-un-report-greenhouse-gas-global-heating\" target=\"_blank\" rel=\"noopener\"><span style=\"font-weight: 400;\">Reducir la contaminaci\u00f3n por metano de los combustibles f\u00f3siles<\/span><\/a><span style=\"font-weight: 400;\">  es una de las formas m\u00e1s f\u00e1ciles, baratas y eficaces de frenar el cambio clim\u00e1tico. Pero la industria del gas   <\/span><a href=\"https:\/\/www.eenews.net\/articles\/epas-risky-methane-gambit-let-outsiders-look-for-leaks\/\" target=\"_blank\" rel=\"noopener\"><span style=\"font-weight: 400;\">haciendo todo lo posible<\/span><\/a><span style=\"font-weight: 400;\"> para bloquear las reformas de sentido com\u00fan y mantenernos dependientes de su producto.<\/span>[\/vc_column_text][\/vc_column_inner][\/vc_row_inner][vc_row_inner css=\u00bb.vc_custom_1724170623794{padding-top: 30px !important;padding-bottom: 60px !important;}\u00bb][vc_column_inner][vc_column_text]<img loading=\"lazy\" decoding=\"async\" class=\"alignnone size-full wp-image-959\" src=\"https:\/\/gasleaks.org\/wp-content\/uploads\/2022\/04\/Climate-change2.jpg\" alt=\"\" width=\"1400\" height=\"384\" srcset=\"https:\/\/gasleaks.org\/wp-content\/uploads\/2022\/04\/Climate-change2.jpg 1400w, https:\/\/gasleaks.org\/wp-content\/uploads\/2022\/04\/Climate-change2-300x82.jpg 300w, https:\/\/gasleaks.org\/wp-content\/uploads\/2022\/04\/Climate-change2-1024x281.jpg 1024w, https:\/\/gasleaks.org\/wp-content\/uploads\/2022\/04\/Climate-change2-768x211.jpg 768w\" sizes=\"auto, (max-width: 1400px) 100vw, 1400px\" \/>[\/vc_column_text][\/vc_column_inner][\/vc_row_inner][\/vc_column][\/vc_row]<\/p>\n<\/div>","protected":false},"excerpt":{"rendered":"<p>[vc_row][vc_column][vc_row_inner css=\u00bb.vc_custom_1724169016689{padding-top: 60px !important;padding-bottom: 60px !important;}\u00bb][vc_column_inner][vc_column_text]La industria del gas ha gastado miles de millones de d\u00f3lares durante d\u00e9cadas vendiendo la mentira de que su producto forma parte de un futuro energ\u00e9tico limpio. Conocemos la verdad: el llamado gas \u00abnatural\u00bb es la causa del cambio clim\u00e1tico, no la soluci\u00f3n: su contaminaci\u00f3n total por gases de efecto [&hellip;]<\/p>\n","protected":false},"author":1,"featured_media":0,"parent":0,"menu_order":0,"comment_status":"closed","ping_status":"closed","template":"page.php","meta":{"content-type":"","inline_featured_image":false,"footnotes":""},"class_list":["post-4190","page","type-page","status-publish","hentry"],"yoast_head":"<!-- This site is optimized with the Yoast SEO plugin v27.1.1 - https:\/\/yoast.com\/product\/yoast-seo-wordpress\/ -->\n<title>C\u00f3mo el gas provoca el cambio clim\u00e1tico | Fugas de gas<\/title>\n<meta name=\"description\" content=\"La industria del gas ha gastado miles de millones de d\u00f3lares durante d\u00e9cadas vendiendo la mentira de que su producto es limpio. Sabemos la verdad: el llamado gas &quot;natural&quot; est\u00e1 provocando el cambio clim\u00e1tico: su contaminaci\u00f3n total por gases de efecto invernadero es peor que la del carb\u00f3n.\" \/>\n<meta name=\"robots\" content=\"index, follow, max-snippet:-1, max-image-preview:large, max-video-preview:-1\" \/>\n<link rel=\"canonical\" href=\"https:\/\/gasleaks.org\/es\/clima\/\" \/>\n<meta property=\"og:locale\" content=\"es_ES\" \/>\n<meta property=\"og:type\" content=\"article\" \/>\n<meta property=\"og:title\" content=\"C\u00f3mo el gas provoca el cambio clim\u00e1tico | Fugas de gas\" \/>\n<meta property=\"og:description\" content=\"La industria del gas ha gastado miles de millones de d\u00f3lares durante d\u00e9cadas vendiendo la mentira de que su producto es limpio. Sabemos la verdad: el llamado gas &quot;natural&quot; est\u00e1 provocando el cambio clim\u00e1tico: su contaminaci\u00f3n total por gases de efecto invernadero es peor que la del carb\u00f3n.\" \/>\n<meta property=\"og:url\" content=\"https:\/\/gasleaks.org\/es\/clima\/\" \/>\n<meta property=\"og:site_name\" content=\"Gas Leaks\" \/>\n<meta property=\"article:publisher\" content=\"https:\/\/www.facebook.com\/hot.and.toxic\" \/>\n<meta property=\"article:modified_time\" content=\"2026-03-26T21:13:01+00:00\" \/>\n<meta property=\"og:image\" content=\"https:\/\/gasleaks.org\/wp-content\/uploads\/2022\/04\/Climate-change2.jpg\" \/>\n\t<meta property=\"og:image:width\" content=\"1400\" \/>\n\t<meta property=\"og:image:height\" content=\"384\" \/>\n\t<meta property=\"og:image:type\" content=\"image\/jpeg\" \/>\n<meta name=\"twitter:card\" content=\"summary_large_image\" \/>\n<meta name=\"twitter:site\" content=\"@GasLeaksProject\" \/>\n<meta name=\"twitter:label1\" content=\"Tiempo de lectura\" \/>\n\t<meta name=\"twitter:data1\" content=\"3 minutos\" \/>\n<script type=\"application\/ld+json\" class=\"yoast-schema-graph\">{\"@context\":\"https:\/\/schema.org\",\"@graph\":[{\"@type\":\"WebPage\",\"@id\":\"https:\/\/gasleaks.org\/es\/clima\/\",\"url\":\"https:\/\/gasleaks.org\/es\/clima\/\",\"name\":\"C\u00f3mo el gas provoca el cambio clim\u00e1tico | Fugas de gas\",\"isPartOf\":{\"@id\":\"https:\/\/gasleaks.org\/es\/#website\"},\"primaryImageOfPage\":{\"@id\":\"https:\/\/gasleaks.org\/es\/clima\/#primaryimage\"},\"image\":{\"@id\":\"https:\/\/gasleaks.org\/es\/clima\/#primaryimage\"},\"thumbnailUrl\":\"https:\/\/gasleaks.org\/wp-content\/uploads\/2022\/04\/Climate-change2.jpg\",\"datePublished\":\"2022-03-24T17:25:46+00:00\",\"dateModified\":\"2026-03-26T21:13:01+00:00\",\"description\":\"La industria del gas ha gastado miles de millones de d\u00f3lares durante d\u00e9cadas vendiendo la mentira de que su producto es limpio. Sabemos la verdad: el llamado gas \\\"natural\\\" est\u00e1 provocando el cambio clim\u00e1tico: su contaminaci\u00f3n total por gases de efecto invernadero es peor que la del carb\u00f3n.\",\"breadcrumb\":{\"@id\":\"https:\/\/gasleaks.org\/es\/clima\/#breadcrumb\"},\"inLanguage\":\"es\",\"potentialAction\":[{\"@type\":\"ReadAction\",\"target\":[\"https:\/\/gasleaks.org\/es\/clima\/\"]}]},{\"@type\":\"ImageObject\",\"inLanguage\":\"es\",\"@id\":\"https:\/\/gasleaks.org\/es\/clima\/#primaryimage\",\"url\":\"https:\/\/gasleaks.org\/wp-content\/uploads\/2022\/04\/Climate-change2.jpg\",\"contentUrl\":\"https:\/\/gasleaks.org\/wp-content\/uploads\/2022\/04\/Climate-change2.jpg\"},{\"@type\":\"BreadcrumbList\",\"@id\":\"https:\/\/gasleaks.org\/es\/clima\/#breadcrumb\",\"itemListElement\":[{\"@type\":\"ListItem\",\"position\":1,\"name\":\"Home\",\"item\":\"https:\/\/gasleaks.org\/es\/inicio\/\"},{\"@type\":\"ListItem\",\"position\":2,\"name\":\"Clima\"}]},{\"@type\":\"WebSite\",\"@id\":\"https:\/\/gasleaks.org\/es\/#website\",\"url\":\"https:\/\/gasleaks.org\/es\/\",\"name\":\"Gas Leaks\",\"description\":\"Gas Causes Climate Change.\",\"publisher\":{\"@id\":\"https:\/\/gasleaks.org\/es\/#organization\"},\"potentialAction\":[{\"@type\":\"SearchAction\",\"target\":{\"@type\":\"EntryPoint\",\"urlTemplate\":\"https:\/\/gasleaks.org\/es\/?s={search_term_string}\"},\"query-input\":{\"@type\":\"PropertyValueSpecification\",\"valueRequired\":true,\"valueName\":\"search_term_string\"}}],\"inLanguage\":\"es\"},{\"@type\":\"Organization\",\"@id\":\"https:\/\/gasleaks.org\/es\/#organization\",\"name\":\"Gas Leaks\",\"url\":\"https:\/\/gasleaks.org\/es\/\",\"logo\":{\"@type\":\"ImageObject\",\"inLanguage\":\"es\",\"@id\":\"https:\/\/gasleaks.org\/es\/#\/schema\/logo\/image\/\",\"url\":\"https:\/\/gasleaks.org\/wp-content\/uploads\/2022\/03\/gasleak-lg-logo.svg\",\"contentUrl\":\"https:\/\/gasleaks.org\/wp-content\/uploads\/2022\/03\/gasleak-lg-logo.svg\",\"width\":\"1024\",\"height\":\"1024\",\"caption\":\"Gas Leaks\"},\"image\":{\"@id\":\"https:\/\/gasleaks.org\/es\/#\/schema\/logo\/image\/\"},\"sameAs\":[\"https:\/\/www.facebook.com\/hot.and.toxic\",\"https:\/\/x.com\/GasLeaksProject\",\"https:\/\/www.instagram.com\/hot.and.toxic\/\"]}]}<\/script>\n<!-- \/ Yoast SEO plugin. -->","yoast_head_json":{"title":"C\u00f3mo el gas provoca el cambio clim\u00e1tico | Fugas de gas","description":"La industria del gas ha gastado miles de millones de d\u00f3lares durante d\u00e9cadas vendiendo la mentira de que su producto es limpio. Sabemos la verdad: el llamado gas \"natural\" est\u00e1 provocando el cambio clim\u00e1tico: su contaminaci\u00f3n total por gases de efecto invernadero es peor que la del carb\u00f3n.","robots":{"index":"index","follow":"follow","max-snippet":"max-snippet:-1","max-image-preview":"max-image-preview:large","max-video-preview":"max-video-preview:-1"},"canonical":"https:\/\/gasleaks.org\/es\/clima\/","og_locale":"es_ES","og_type":"article","og_title":"C\u00f3mo el gas provoca el cambio clim\u00e1tico | Fugas de gas","og_description":"La industria del gas ha gastado miles de millones de d\u00f3lares durante d\u00e9cadas vendiendo la mentira de que su producto es limpio. Sabemos la verdad: el llamado gas \"natural\" est\u00e1 provocando el cambio clim\u00e1tico: su contaminaci\u00f3n total por gases de efecto invernadero es peor que la del carb\u00f3n.","og_url":"https:\/\/gasleaks.org\/es\/clima\/","og_site_name":"Gas Leaks","article_publisher":"https:\/\/www.facebook.com\/hot.and.toxic","article_modified_time":"2026-03-26T21:13:01+00:00","og_image":[{"width":1400,"height":384,"url":"https:\/\/gasleaks.org\/wp-content\/uploads\/2022\/04\/Climate-change2.jpg","type":"image\/jpeg"}],"twitter_card":"summary_large_image","twitter_site":"@GasLeaksProject","twitter_misc":{"Tiempo de lectura":"3 minutos"},"schema":{"@context":"https:\/\/schema.org","@graph":[{"@type":"WebPage","@id":"https:\/\/gasleaks.org\/es\/clima\/","url":"https:\/\/gasleaks.org\/es\/clima\/","name":"C\u00f3mo el gas provoca el cambio clim\u00e1tico | Fugas de gas","isPartOf":{"@id":"https:\/\/gasleaks.org\/es\/#website"},"primaryImageOfPage":{"@id":"https:\/\/gasleaks.org\/es\/clima\/#primaryimage"},"image":{"@id":"https:\/\/gasleaks.org\/es\/clima\/#primaryimage"},"thumbnailUrl":"https:\/\/gasleaks.org\/wp-content\/uploads\/2022\/04\/Climate-change2.jpg","datePublished":"2022-03-24T17:25:46+00:00","dateModified":"2026-03-26T21:13:01+00:00","description":"La industria del gas ha gastado miles de millones de d\u00f3lares durante d\u00e9cadas vendiendo la mentira de que su producto es limpio. Sabemos la verdad: el llamado gas \"natural\" est\u00e1 provocando el cambio clim\u00e1tico: su contaminaci\u00f3n total por gases de efecto invernadero es peor que la del carb\u00f3n.","breadcrumb":{"@id":"https:\/\/gasleaks.org\/es\/clima\/#breadcrumb"},"inLanguage":"es","potentialAction":[{"@type":"ReadAction","target":["https:\/\/gasleaks.org\/es\/clima\/"]}]},{"@type":"ImageObject","inLanguage":"es","@id":"https:\/\/gasleaks.org\/es\/clima\/#primaryimage","url":"https:\/\/gasleaks.org\/wp-content\/uploads\/2022\/04\/Climate-change2.jpg","contentUrl":"https:\/\/gasleaks.org\/wp-content\/uploads\/2022\/04\/Climate-change2.jpg"},{"@type":"BreadcrumbList","@id":"https:\/\/gasleaks.org\/es\/clima\/#breadcrumb","itemListElement":[{"@type":"ListItem","position":1,"name":"Home","item":"https:\/\/gasleaks.org\/es\/inicio\/"},{"@type":"ListItem","position":2,"name":"Clima"}]},{"@type":"WebSite","@id":"https:\/\/gasleaks.org\/es\/#website","url":"https:\/\/gasleaks.org\/es\/","name":"Gas Leaks","description":"Gas Causes Climate Change.","publisher":{"@id":"https:\/\/gasleaks.org\/es\/#organization"},"potentialAction":[{"@type":"SearchAction","target":{"@type":"EntryPoint","urlTemplate":"https:\/\/gasleaks.org\/es\/?s={search_term_string}"},"query-input":{"@type":"PropertyValueSpecification","valueRequired":true,"valueName":"search_term_string"}}],"inLanguage":"es"},{"@type":"Organization","@id":"https:\/\/gasleaks.org\/es\/#organization","name":"Gas Leaks","url":"https:\/\/gasleaks.org\/es\/","logo":{"@type":"ImageObject","inLanguage":"es","@id":"https:\/\/gasleaks.org\/es\/#\/schema\/logo\/image\/","url":"https:\/\/gasleaks.org\/wp-content\/uploads\/2022\/03\/gasleak-lg-logo.svg","contentUrl":"https:\/\/gasleaks.org\/wp-content\/uploads\/2022\/03\/gasleak-lg-logo.svg","width":"1024","height":"1024","caption":"Gas Leaks"},"image":{"@id":"https:\/\/gasleaks.org\/es\/#\/schema\/logo\/image\/"},"sameAs":["https:\/\/www.facebook.com\/hot.and.toxic","https:\/\/x.com\/GasLeaksProject","https:\/\/www.instagram.com\/hot.and.toxic\/"]}]}},"rttpg_featured_image_url":null,"rttpg_author":{"display_name":"admin","author_link":"https:\/\/gasleaks.org\/es\/author\/admin\/"},"rttpg_comment":0,"rttpg_category":" <a href=\"https:\/\/gasleaks.org\/es\/?taxonomy=translation_priority&#038;term=opcional\" rel=\"tag\">Opcional<\/a>","rttpg_excerpt":"[vc_row][vc_column][vc_row_inner css=\u00bb.vc_custom_1724169016689{padding-top: 60px !important;padding-bottom: 60px !important;}\u00bb][vc_column_inner][vc_column_text]La industria del gas ha gastado miles de millones de d\u00f3lares durante d\u00e9cadas vendiendo la mentira de que su producto forma parte de un futuro energ\u00e9tico limpio. Conocemos la verdad: el llamado gas \u00abnatural\u00bb es la causa del cambio clim\u00e1tico, no la soluci\u00f3n: su contaminaci\u00f3n total por gases de efecto&hellip;","_links":{"self":[{"href":"https:\/\/gasleaks.org\/es\/wp-json\/wp\/v2\/pages\/4190","targetHints":{"allow":["GET"]}}],"collection":[{"href":"https:\/\/gasleaks.org\/es\/wp-json\/wp\/v2\/pages"}],"about":[{"href":"https:\/\/gasleaks.org\/es\/wp-json\/wp\/v2\/types\/page"}],"author":[{"embeddable":true,"href":"https:\/\/gasleaks.org\/es\/wp-json\/wp\/v2\/users\/1"}],"replies":[{"embeddable":true,"href":"https:\/\/gasleaks.org\/es\/wp-json\/wp\/v2\/comments?post=4190"}],"version-history":[{"count":0,"href":"https:\/\/gasleaks.org\/es\/wp-json\/wp\/v2\/pages\/4190\/revisions"}],"wp:attachment":[{"href":"https:\/\/gasleaks.org\/es\/wp-json\/wp\/v2\/media?parent=4190"}],"curies":[{"name":"wp","href":"https:\/\/api.w.org\/{rel}","templated":true}]}}