{"id":4196,"date":"2022-03-26T14:30:54","date_gmt":"2022-03-26T14:30:54","guid":{"rendered":"https:\/\/gasleaks.org\/desinformacion\/"},"modified":"2026-03-27T19:47:02","modified_gmt":"2026-03-27T19:47:02","slug":"desinformacion","status":"publish","type":"page","link":"https:\/\/gasleaks.org\/es\/desinformacion\/","title":{"rendered":"Desinformaci\u00f3n"},"content":{"rendered":"<div class=\"wpb-content-wrapper\"><p>[vc_row css=\u00bb.vc_custom_1648663402654{margin-left: 3px !important;}\u00bb][vc_column][vc_row_inner css=\u00bb.vc_custom_1724171777406{padding-bottom: 30px !important;}\u00bb][vc_column_inner]\n\t\t\t\t<p class=\"rs-p-wp-fix\"><\/p>\n\t\t\t\t<sr7-module data-alias=\"health-and-safety-1\" data-id=\"8\" id=\"SR7_8_1\" class=\"rs-ov-hidden\" data-version=\"6.7.51\">\n\t\t\t\t\t<sr7-adjuster><\/sr7-adjuster>\n\t\t\t\t\t<sr7-content>\n\t\t\t\t\t\t<sr7-slide id=\"SR7_8_1-12\" data-key=\"12\">\n\t\t\t\t\t\t\t<sr7-txt id=\"SR7_8_1-12-1\" class=\"sr7-layer\">GAS LIES<\/sr7-txt>\n\t\t\t\t\t\t\t<sr7-txt id=\"SR7_8_1-12-2\" class=\"sr7-layer\">Disinformation<\/sr7-txt>\n\t\t\t\t\t\t<\/sr7-slide>\n\t\t\t\t\t\t<sr7-slide id=\"SR7_8_1-117\" data-key=\"117\">\n\t\t\t\t\t\t<\/sr7-slide>\n\t\t\t\t\t<\/sr7-content>\n\t\t\t\t\t<image_lists style=\"display:none\">\n\t\t\t\t\t\t<img data-src=\"\/\/gasleaks.org\/wp-content\/uploads\/2022\/06\/Disinformation.jpg\" width=\"0\" height=\"0\" data-dbsrc=\"Ly9nYXNsZWFrcy5vcmcvd3AtY29udGVudC91cGxvYWRzLzIwMjIvMDYvRGlzaW5mb3JtYXRpb24uanBn\"\/>\n\t\t\t\t\t<\/image_lists>\n\t\t\t\t<\/sr7-module>\n\t\t\t\t<script>\n\t\t\t\t\twindow.SR7 ??={};SR7.PMH ??={}; SR7.PMH[\"SR7_8_1\"] = {cn:100,state:false,fn: function() { if (window._tpt!==undefined && window._tpt.prepareModuleHeight !== undefined) {  _tpt.prepareModuleHeight({id:\"SR7_8_1\",el:[440,440,768,960,170],type:'hero',shdw:'0',gh:[440,440,,,],gw:[1240,1240,1024,778,480],vpt:['100px'],size:{fullWidth:true, fullHeight:false},mh:'0',onh:0,onw:0,bg:{color:'{\"orig\":\"transparent\",\"type\":\"solid\",\"string\":\"transparent\"}',image:{src:'https:\/\/gasleaks.org\/wp-content\/uploads\/2022\/06\/Disinformation.jpg',size:'',position:'center center',repeat:''}}});   SR7.PMH[\"SR7_8_1\"].state=true;} else if(SR7.PMH[\"SR7_8_1\"].cn-->0)\tsetTimeout( SR7.PMH[\"SR7_8_1\"].fn,19);}};SR7.PMH[\"SR7_8_1\" ].fn();\n\t\t\t\t<\/script>\n[\/vc_column_inner][\/vc_row_inner][vc_row_inner css=\u00bb.vc_custom_1724171789382{margin-bottom: 30px !important;padding-top: 30px !important;padding-bottom: 30px !important;}\u00bb][vc_column_inner][vc_column_text css=\u00bb.vc_custom_1724171768226{padding-left: 20px !important;}\u00bb]<span style=\"color: #222; font-weight: 400; font-size: 20px;\">La industria del gas est\u00e1 siguiendo el ejemplo de las grandes tabacaleras, invirtiendo millones de d\u00f3lares en enga\u00f1ar a los estadounidenses sobre los peligros del gas.<\/span>[\/vc_column_text][\/vc_column_inner][\/vc_row_inner][vc_row_inner css=\u00bb.vc_custom_1724171856942{margin-bottom: 30px !important;}\u00bb][vc_column_inner][vc_custom_heading text=\u00bbUN SIGLO DE MENTIRAS\u00bb font_container=\u00bbtag:h4|font_size:25|text_align:left|color:%23be1e2d\u00bb use_theme_fonts=\u00bbyes\u00bb][vc_column_text css=\u00bb.vc_custom_1680446811567{padding-left: 20px !important;}\u00bb]\u00bfHas o\u00eddo alguna vez el eslogan \u00abAhora cocinamos con gas\u00bb? Forma parte de un <a href=\"https:\/\/www.motherjones.com\/environment\/2021\/06\/how-the-fossil-fuel-industry-convinced-americans-to-love-gas-stoves\/\" target=\"_blank\" rel=\"noopener\">esfuerzo publicitario de d\u00e9cadas de<\/a> la industria del gas para hacer que su producto parezca seguro y atractivo, a pesar de que la industria conoce la amenaza para la salud de su producto <a href=\"https:\/\/www.vox.com\/policy-and-politics\/23550747\/gas-stove-health-concerns-new-history\" target=\"_blank\" rel=\"noopener\">desde hace m\u00e1s de un siglo.<\/a>[\/vc_column_text][\/vc_column_inner][\/vc_row_inner][vc_row_inner css=\u00bb.vc_custom_1724171860902{margin-bottom: 30px !important;}\u00bb][vc_column_inner][vc_custom_heading text=\u00bbPUBLICIDAD FALSA, ONLINE\u00bb font_container=\u00bbtag:h4|font_size:25|text_align:left|color:%23be1e2d\u00bb use_theme_fonts=\u00bbyes\u00bb][vc_column_text css=\u00bb.vc_custom_1681142765224{padding-left: 20px !important;}\u00bb]<a href=\"https:\/\/www.motherjones.com\/environment\/2020\/06\/gas-industry-influencers-stoves\/\" target=\"_blank\" rel=\"noopener\">Actualmente<\/a>, la industria est\u00e1 <a href=\"https:\/\/www.nytimes.com\/2023\/01\/29\/climate\/gas-stove-health.html?smid=tw-nytimes&amp;smtyp=cur\" target=\"_blank\" rel=\"noopener\">pagando a los cient\u00edficos de la Gran Tabacalera<\/a> y a <a href=\"https:\/\/www.vox.com\/climate\/2023\/3\/10\/23628286\/gas-stove-influencer-propane\" target=\"_blank\" rel=\"noopener\">personas influyentes en los medios sociales<\/a> para que socaven la ciencia que demuestra que las estufas de gas son peligrosas. Tambi\u00e9n est\u00e1 <a href=\"https:\/\/www.desmog.com\/2022\/02\/10\/gas-ban-electrification-colorado-xcel-energy\/\" target=\"_blank\" rel=\"noopener\">sembrando grupos de fachada<\/a> por todo el pa\u00eds para <a href=\"https:\/\/www.kqed.org\/science\/1945910\/socalgas-admits-funding-front-group-in-fight-for-its-future\" target=\"_blank\" rel=\"noopener\">luchar contra la acci\u00f3n clim\u00e1tica<\/a> y garantizar que los beneficios sigan llegando a sus ejecutivos y accionistas a expensas de nuestro futuro.[\/vc_column_text][\/vc_column_inner][\/vc_row_inner][vc_row_inner css=\u00bb.vc_custom_1724171869526{margin-bottom: 30px !important;}\u00bb][vc_column_inner][vc_custom_heading text=\u00bbVENDER UN PUENTE A NINGUNA PARTE\u00bb font_container=\u00bbtag:h4|font_size:25|text_align:left|color:%23be1e2d\u00bb use_theme_fonts=\u00bbyes\u00bb][vc_column_text css=\u00bb.vc_custom_1680446914930{padding-left: 20px !important;}\u00bb]Durante a\u00f1os, la industria del gas ha pregonado su producto como un \u00abcombustible puente\u00bb hacia un futuro renovable, en el que su gas sustituir\u00eda al carb\u00f3n. Pero las energ\u00edas renovables, como la e\u00f3lica y la solar, son m\u00e1s asequibles, limpias y seguras que el gas metano. Los combustibles f\u00f3siles provocaron la crisis clim\u00e1tica; quemar m\u00e1s no <a href=\"https:\/\/priceofoil.org\/2019\/05\/30\/gas-is-not-a-bridge-fuel\/\" target=\"_blank\" rel=\"noopener\">va a resolverla<\/a>.[\/vc_column_text][\/vc_column_inner][\/vc_row_inner][vc_row_inner css=\u00bb.vc_custom_1724171876373{margin-bottom: 30px !important;}\u00bb][vc_column_inner][vc_custom_heading text=\u00bbVAPORIZANDO LA VERDAD\u00bb font_container=\u00bbtag:h4|font_size:25|text_align:left|color:%23be1e2d\u00bb use_theme_fonts=\u00bbyes\u00bb][vc_column_text css=\u00bb.vc_custom_1680446955591{padding-left: 20px !important;}\u00bb]A la industria del gas metano le gusta llamarse \u00ab<a href=\"https:\/\/www.reuters.com\/article\/us-usa-gas-climatebox-explainer\/explainer-cleaner-but-not-clean-why-scientists-say-natural-gas-wont-avert-climate-disaster-idUSKCN25E1DR\" target=\"_blank\" rel=\"noopener\">limpia<\/a>\u00bb en comparaci\u00f3n con el carb\u00f3n, pero eso es <a href=\"https:\/\/www.health.harvard.edu\/cancer\/low-tar-cigarettes-are-not-a-safer-choice\" target=\"_blank\" rel=\"noopener\">como si la industria del tabaco<\/a> dijera que es seguro fumar <a href=\"https:\/\/www.commondreams.org\/views\/2021\/11\/16\/how-low-carbon-energy-became-new-low-tar-cigarette\" target=\"_blank\" rel=\"noopener\">cigarrillos con bajo contenido de alquitr\u00e1n<\/a> o vapear. El \u00fanico futuro limpio y seguro est\u00e1 en un mundo libre de combustibles f\u00f3siles.[\/vc_column_text][\/vc_column_inner][\/vc_row_inner][vc_row_inner css=\u00bb.vc_custom_1724171884174{margin-bottom: 30px !important;}\u00bb][vc_column_inner][vc_custom_heading text=\u00bbCOMPRAR INFLUENCIA POL\u00cdTICA\u00bb font_container=\u00bbtag:h4|font_size:25|text_align:left|color:%23be1e2d\u00bb use_theme_fonts=\u00bbyes\u00bb][vc_column_text css=\u00bb.vc_custom_1680447014523{padding-left: 20px !important;}\u00bb]La industria del gas gast\u00f3 <a href=\"https:\/\/truthout.org\/articles\/oil-and-gas-industry-spent-124-4-million-lobbying-amid-record-profits-in-2022\/?gclid=CjwKCAjwq-WgBhBMEiwAzKSH6J17NQTxqGzwCBc3ms5IzBTfOfN-62RbEDdcicb37rjID7eZJLz5oRoC4Y4QAvD_BwE\" target=\"_blank\" rel=\"noopener\">la friolera de 124 millones de d\u00f3lares<\/a> en grupos de presi\u00f3n pol\u00edticos en 2022. Sus grupos de presi\u00f3n intentan <a href=\"https:\/\/www.nbcnews.com\/science\/environment\/biden-takes-aim-methane-emissions-new-rules-oil-gas-industry-rcna56759\" target=\"_blank\" rel=\"noopener\">socavar las normas<\/a> que les hacen responsables de su contaminaci\u00f3n por metano y <a href=\"https:\/\/www.nytimes.com\/2022\/10\/20\/us\/politics\/oil-gas-gop-midterms.html\" target=\"_blank\" rel=\"noopener\">revocar los esfuerzos de la Administraci\u00f3n Biden<\/a> para ayudar a la gente a ahorrar dinero cambiando a aparatos el\u00e9ctricos m\u00e1s limpios y seguros en sus hogares.[\/vc_column_text][\/vc_column_inner][\/vc_row_inner][vc_row_inner css=\u00bb.vc_custom_1724171890917{margin-bottom: 30px !important;}\u00bb][vc_column_inner][vc_custom_heading text=\u00bbUTILIZAR TU DINERO PARA ENGA\u00d1AR\u00bb font_container=\u00bbtag:h4|font_size:25|text_align:left|color:%23be1e2d\u00bb use_theme_fonts=\u00bbyes\u00bb][vc_column_text css=\u00bb.vc_custom_1680447047868{padding-left: 20px !important;}\u00bb]Gran parte de la desinformaci\u00f3n del sector est\u00e1 <a href=\"https:\/\/www.npr.org\/2021\/02\/22\/967439914\/as-cities-grapple-with-climate-change-gas-utilities-fight-to-stay-in-business\" target=\"_blank\" rel=\"noopener\">coordinada por la Asociaci\u00f3n Americana del Gas<\/a>, que las empresas de gas financian con el dinero de las facturas mensuales de sus clientes. Eso significa que <a href=\"https:\/\/gasleaks.org\/es\/?p=4197\" target=\"_blank\" rel=\"noopener\"><i>tu dinero<\/i><\/a> se utiliza para promover los combustibles f\u00f3siles. Los reguladores federales est\u00e1n considerando tomar medidas dr\u00e1sticas contra esta pr\u00e1ctica desleal.[\/vc_column_text][\/vc_column_inner][\/vc_row_inner][vc_row_inner css=\u00bb.vc_custom_1724171898108{margin-bottom: 30px !important;}\u00bb][vc_column_inner][vc_custom_heading text=\u00bbMENTIR PARA ENCUBRIR LOS FALLOS DEL GAS\u00bb font_container=\u00bbtag:h4|font_size:25|text_align:left|color:%23be1e2d\u00bb use_theme_fonts=\u00bbyes\u00bb][vc_column_text css=\u00bb.vc_custom_1680447102317{padding-left: 20px !important;}\u00bb]Cuando las aver\u00edas de gas provocaron <a href=\"https:\/\/www.sierraclub.org\/texas\/blog\/2022\/02\/new-report-2021-s-winter-storm-uri-didn-t-need-be-so-deadly-and-expensive\" target=\"_blank\" rel=\"noopener\">apagones generalizados durante la tormenta invernal Uri en febrero de 2021<\/a>, matando a cientos de tejanos, los pol\u00edticos de Texas financiados por el gas cubrieron los medios de comunicaci\u00f3n para culpar falsamente de los apagones a la energ\u00eda limpia.[\/vc_column_text][\/vc_column_inner][\/vc_row_inner][vc_row_inner css=\u00bb.vc_custom_1724171922660{margin-bottom: 30px !important;padding-bottom: 30px !important;}\u00bb][vc_column_inner][vc_custom_heading text=\u00bbVENDER FALSAS SOLUCIONES\u00bb font_container=\u00bbtag:h4|font_size:25|text_align:left|color:%23be1e2d\u00bb use_theme_fonts=\u00bbyes\u00bb][vc_column_text css=\u00bb.vc_custom_1680447143281{padding-left: 20px !important;}\u00bb]<span style=\"font-weight: 400;\">La ciencia es clara: para evitar los peores resultados clim\u00e1ticos, necesitamos sustituir los combustibles f\u00f3siles por electricidad limpia lo antes posible. Pero esa transici\u00f3n es una amenaza para el modelo de negocio de la industria del gas. Por eso gastan millones en promover soluciones falsas como    <\/span><a href=\"https:\/\/gasleaks.org\/es\/hidrogeno-y-biogas-mas-palabreria-de-la-industria-del-gas\/\" target=\"_blank\" rel=\"noopener\"><span style=\"font-weight: 400;\">\u00abgas natural renovable\u00bb e hidr\u00f3geno<\/span><\/a><span style=\"font-weight: 400;\">.<\/span>[\/vc_column_text][\/vc_column_inner][\/vc_row_inner][vc_row_inner css=\u00bb.vc_custom_1724180960207{margin-bottom: 60px !important;}\u00bb][vc_column_inner][vc_column_text]<\/p>\n<div id=\"attachment_963\" style=\"width: 1410px\" class=\"wp-caption alignnone\"><img loading=\"lazy\" decoding=\"async\" aria-describedby=\"caption-attachment-963\" class=\"wp-image-963 size-full\" src=\"https:\/\/gasleaks.org\/wp-content\/uploads\/2022\/04\/disinfor.jpg\" alt=\"\" width=\"1400\" height=\"384\" srcset=\"https:\/\/gasleaks.org\/wp-content\/uploads\/2022\/04\/disinfor.jpg 1400w, https:\/\/gasleaks.org\/wp-content\/uploads\/2022\/04\/disinfor-300x82.jpg 300w, https:\/\/gasleaks.org\/wp-content\/uploads\/2022\/04\/disinfor-1024x281.jpg 1024w, https:\/\/gasleaks.org\/wp-content\/uploads\/2022\/04\/disinfor-768x211.jpg 768w\" sizes=\"auto, (max-width: 1400px) 100vw, 1400px\" \/><p id=\"caption-attachment-963\" class=\"wp-caption-text\">Una c\u00e1mara de infrarrojos muestra la contaminaci\u00f3n invisible por metano procedente de una estufa de gas. Cortes\u00eda de Sierra Club.<\/p><\/div>\n<p>[\/vc_column_text][\/vc_column_inner][\/vc_row_inner][\/vc_column][\/vc_row]<\/p>\n<\/div>","protected":false},"excerpt":{"rendered":"<p>[vc_row css=\u00bb.vc_custom_1648663402654{margin-left: 3px !important;}\u00bb][vc_column][vc_row_inner css=\u00bb.vc_custom_1724171777406{padding-bottom: 30px !important;}\u00bb][vc_column_inner][\/vc_column_inner][\/vc_row_inner][vc_row_inner css=\u00bb.vc_custom_1724171789382{margin-bottom: 30px !important;padding-top: 30px !important;padding-bottom: 30px !important;}\u00bb][vc_column_inner][vc_column_text css=\u00bb.vc_custom_1724171768226{padding-left: 20px !important;}\u00bb]La industria del gas est\u00e1 siguiendo el ejemplo de las grandes tabacaleras, invirtiendo millones de d\u00f3lares en enga\u00f1ar a los estadounidenses sobre los peligros del gas.[\/vc_column_text][\/vc_column_inner][\/vc_row_inner][vc_row_inner css=\u00bb.vc_custom_1724171856942{margin-bottom: 30px !important;}\u00bb][vc_column_inner][vc_custom_heading text=\u00bbUN SIGLO DE MENTIRAS\u00bb font_container=\u00bbtag:h4|font_size:25|text_align:left|color:%23be1e2d\u00bb use_theme_fonts=\u00bbyes\u00bb][vc_column_text css=\u00bb.vc_custom_1680446811567{padding-left: 20px !important;}\u00bb]\u00bfHas o\u00eddo [&hellip;]<\/p>\n","protected":false},"author":1,"featured_media":0,"parent":0,"menu_order":0,"comment_status":"closed","ping_status":"closed","template":"page.php","meta":{"content-type":"","inline_featured_image":false,"footnotes":""},"class_list":["post-4196","page","type-page","status-publish","hentry"],"yoast_head":"<!-- This site is optimized with the Yoast SEO plugin v27.1.1 - https:\/\/yoast.com\/product\/yoast-seo-wordpress\/ -->\n<title>Desinformaci\u00f3n - Gas Leaks<\/title>\n<meta name=\"description\" content=\"La industria del gas est\u00e1 siguiendo el ejemplo de las grandes tabacaleras, invirtiendo millones de d\u00f3lares en enga\u00f1ar a los estadounidenses sobre los peligros del gas.\" \/>\n<meta name=\"robots\" content=\"index, follow, max-snippet:-1, max-image-preview:large, max-video-preview:-1\" \/>\n<link rel=\"canonical\" href=\"https:\/\/gasleaks.org\/es\/desinformacion\/\" \/>\n<meta property=\"og:locale\" content=\"es_ES\" \/>\n<meta property=\"og:type\" content=\"article\" \/>\n<meta property=\"og:title\" content=\"Desinformaci\u00f3n - Gas Leaks\" \/>\n<meta property=\"og:description\" content=\"La industria del gas est\u00e1 siguiendo el ejemplo de las grandes tabacaleras, invirtiendo millones de d\u00f3lares en enga\u00f1ar a los estadounidenses sobre los peligros del gas.\" \/>\n<meta property=\"og:url\" content=\"https:\/\/gasleaks.org\/es\/desinformacion\/\" \/>\n<meta property=\"og:site_name\" content=\"Gas Leaks\" \/>\n<meta property=\"article:publisher\" content=\"https:\/\/www.facebook.com\/hot.and.toxic\" \/>\n<meta property=\"article:modified_time\" content=\"2026-03-27T19:47:02+00:00\" \/>\n<meta property=\"og:image\" content=\"https:\/\/gasleaks.org\/wp-content\/uploads\/2022\/04\/disinfor.jpg\" \/>\n\t<meta property=\"og:image:width\" content=\"1400\" \/>\n\t<meta property=\"og:image:height\" content=\"384\" \/>\n\t<meta property=\"og:image:type\" content=\"image\/jpeg\" \/>\n<meta name=\"twitter:card\" content=\"summary_large_image\" \/>\n<meta name=\"twitter:site\" content=\"@GasLeaksProject\" \/>\n<meta name=\"twitter:label1\" content=\"Tiempo de lectura\" \/>\n\t<meta name=\"twitter:data1\" content=\"5 minutos\" \/>\n<script type=\"application\/ld+json\" class=\"yoast-schema-graph\">{\"@context\":\"https:\/\/schema.org\",\"@graph\":[{\"@type\":\"WebPage\",\"@id\":\"https:\/\/gasleaks.org\/es\/desinformacion\/\",\"url\":\"https:\/\/gasleaks.org\/es\/desinformacion\/\",\"name\":\"Desinformaci\u00f3n - Gas Leaks\",\"isPartOf\":{\"@id\":\"https:\/\/gasleaks.org\/es\/#website\"},\"primaryImageOfPage\":{\"@id\":\"https:\/\/gasleaks.org\/es\/desinformacion\/#primaryimage\"},\"image\":{\"@id\":\"https:\/\/gasleaks.org\/es\/desinformacion\/#primaryimage\"},\"thumbnailUrl\":\"https:\/\/gasleaks.org\/wp-content\/uploads\/2022\/04\/disinfor.jpg\",\"datePublished\":\"2022-03-26T14:30:54+00:00\",\"dateModified\":\"2026-03-27T19:47:02+00:00\",\"description\":\"La industria del gas est\u00e1 siguiendo el ejemplo de las grandes tabacaleras, invirtiendo millones de d\u00f3lares en enga\u00f1ar a los estadounidenses sobre los peligros del gas.\",\"breadcrumb\":{\"@id\":\"https:\/\/gasleaks.org\/es\/desinformacion\/#breadcrumb\"},\"inLanguage\":\"es\",\"potentialAction\":[{\"@type\":\"ReadAction\",\"target\":[\"https:\/\/gasleaks.org\/es\/desinformacion\/\"]}]},{\"@type\":\"ImageObject\",\"inLanguage\":\"es\",\"@id\":\"https:\/\/gasleaks.org\/es\/desinformacion\/#primaryimage\",\"url\":\"https:\/\/gasleaks.org\/wp-content\/uploads\/2022\/04\/disinfor.jpg\",\"contentUrl\":\"https:\/\/gasleaks.org\/wp-content\/uploads\/2022\/04\/disinfor.jpg\"},{\"@type\":\"BreadcrumbList\",\"@id\":\"https:\/\/gasleaks.org\/es\/desinformacion\/#breadcrumb\",\"itemListElement\":[{\"@type\":\"ListItem\",\"position\":1,\"name\":\"Home\",\"item\":\"https:\/\/gasleaks.org\/es\/inicio\/\"},{\"@type\":\"ListItem\",\"position\":2,\"name\":\"Desinformaci\u00f3n\"}]},{\"@type\":\"WebSite\",\"@id\":\"https:\/\/gasleaks.org\/es\/#website\",\"url\":\"https:\/\/gasleaks.org\/es\/\",\"name\":\"Gas Leaks\",\"description\":\"Gas Causes Climate Change.\",\"publisher\":{\"@id\":\"https:\/\/gasleaks.org\/es\/#organization\"},\"potentialAction\":[{\"@type\":\"SearchAction\",\"target\":{\"@type\":\"EntryPoint\",\"urlTemplate\":\"https:\/\/gasleaks.org\/es\/?s={search_term_string}\"},\"query-input\":{\"@type\":\"PropertyValueSpecification\",\"valueRequired\":true,\"valueName\":\"search_term_string\"}}],\"inLanguage\":\"es\"},{\"@type\":\"Organization\",\"@id\":\"https:\/\/gasleaks.org\/es\/#organization\",\"name\":\"Gas Leaks\",\"url\":\"https:\/\/gasleaks.org\/es\/\",\"logo\":{\"@type\":\"ImageObject\",\"inLanguage\":\"es\",\"@id\":\"https:\/\/gasleaks.org\/es\/#\/schema\/logo\/image\/\",\"url\":\"https:\/\/gasleaks.org\/wp-content\/uploads\/2022\/03\/gasleak-lg-logo.svg\",\"contentUrl\":\"https:\/\/gasleaks.org\/wp-content\/uploads\/2022\/03\/gasleak-lg-logo.svg\",\"width\":\"1024\",\"height\":\"1024\",\"caption\":\"Gas Leaks\"},\"image\":{\"@id\":\"https:\/\/gasleaks.org\/es\/#\/schema\/logo\/image\/\"},\"sameAs\":[\"https:\/\/www.facebook.com\/hot.and.toxic\",\"https:\/\/x.com\/GasLeaksProject\",\"https:\/\/www.instagram.com\/hot.and.toxic\/\"]}]}<\/script>\n<!-- \/ Yoast SEO plugin. -->","yoast_head_json":{"title":"Desinformaci\u00f3n - Gas Leaks","description":"La industria del gas est\u00e1 siguiendo el ejemplo de las grandes tabacaleras, invirtiendo millones de d\u00f3lares en enga\u00f1ar a los estadounidenses sobre los peligros del gas.","robots":{"index":"index","follow":"follow","max-snippet":"max-snippet:-1","max-image-preview":"max-image-preview:large","max-video-preview":"max-video-preview:-1"},"canonical":"https:\/\/gasleaks.org\/es\/desinformacion\/","og_locale":"es_ES","og_type":"article","og_title":"Desinformaci\u00f3n - Gas Leaks","og_description":"La industria del gas est\u00e1 siguiendo el ejemplo de las grandes tabacaleras, invirtiendo millones de d\u00f3lares en enga\u00f1ar a los estadounidenses sobre los peligros del gas.","og_url":"https:\/\/gasleaks.org\/es\/desinformacion\/","og_site_name":"Gas Leaks","article_publisher":"https:\/\/www.facebook.com\/hot.and.toxic","article_modified_time":"2026-03-27T19:47:02+00:00","og_image":[{"width":1400,"height":384,"url":"https:\/\/gasleaks.org\/wp-content\/uploads\/2022\/04\/disinfor.jpg","type":"image\/jpeg"}],"twitter_card":"summary_large_image","twitter_site":"@GasLeaksProject","twitter_misc":{"Tiempo de lectura":"5 minutos"},"schema":{"@context":"https:\/\/schema.org","@graph":[{"@type":"WebPage","@id":"https:\/\/gasleaks.org\/es\/desinformacion\/","url":"https:\/\/gasleaks.org\/es\/desinformacion\/","name":"Desinformaci\u00f3n - Gas Leaks","isPartOf":{"@id":"https:\/\/gasleaks.org\/es\/#website"},"primaryImageOfPage":{"@id":"https:\/\/gasleaks.org\/es\/desinformacion\/#primaryimage"},"image":{"@id":"https:\/\/gasleaks.org\/es\/desinformacion\/#primaryimage"},"thumbnailUrl":"https:\/\/gasleaks.org\/wp-content\/uploads\/2022\/04\/disinfor.jpg","datePublished":"2022-03-26T14:30:54+00:00","dateModified":"2026-03-27T19:47:02+00:00","description":"La industria del gas est\u00e1 siguiendo el ejemplo de las grandes tabacaleras, invirtiendo millones de d\u00f3lares en enga\u00f1ar a los estadounidenses sobre los peligros del gas.","breadcrumb":{"@id":"https:\/\/gasleaks.org\/es\/desinformacion\/#breadcrumb"},"inLanguage":"es","potentialAction":[{"@type":"ReadAction","target":["https:\/\/gasleaks.org\/es\/desinformacion\/"]}]},{"@type":"ImageObject","inLanguage":"es","@id":"https:\/\/gasleaks.org\/es\/desinformacion\/#primaryimage","url":"https:\/\/gasleaks.org\/wp-content\/uploads\/2022\/04\/disinfor.jpg","contentUrl":"https:\/\/gasleaks.org\/wp-content\/uploads\/2022\/04\/disinfor.jpg"},{"@type":"BreadcrumbList","@id":"https:\/\/gasleaks.org\/es\/desinformacion\/#breadcrumb","itemListElement":[{"@type":"ListItem","position":1,"name":"Home","item":"https:\/\/gasleaks.org\/es\/inicio\/"},{"@type":"ListItem","position":2,"name":"Desinformaci\u00f3n"}]},{"@type":"WebSite","@id":"https:\/\/gasleaks.org\/es\/#website","url":"https:\/\/gasleaks.org\/es\/","name":"Gas Leaks","description":"Gas Causes Climate Change.","publisher":{"@id":"https:\/\/gasleaks.org\/es\/#organization"},"potentialAction":[{"@type":"SearchAction","target":{"@type":"EntryPoint","urlTemplate":"https:\/\/gasleaks.org\/es\/?s={search_term_string}"},"query-input":{"@type":"PropertyValueSpecification","valueRequired":true,"valueName":"search_term_string"}}],"inLanguage":"es"},{"@type":"Organization","@id":"https:\/\/gasleaks.org\/es\/#organization","name":"Gas Leaks","url":"https:\/\/gasleaks.org\/es\/","logo":{"@type":"ImageObject","inLanguage":"es","@id":"https:\/\/gasleaks.org\/es\/#\/schema\/logo\/image\/","url":"https:\/\/gasleaks.org\/wp-content\/uploads\/2022\/03\/gasleak-lg-logo.svg","contentUrl":"https:\/\/gasleaks.org\/wp-content\/uploads\/2022\/03\/gasleak-lg-logo.svg","width":"1024","height":"1024","caption":"Gas Leaks"},"image":{"@id":"https:\/\/gasleaks.org\/es\/#\/schema\/logo\/image\/"},"sameAs":["https:\/\/www.facebook.com\/hot.and.toxic","https:\/\/x.com\/GasLeaksProject","https:\/\/www.instagram.com\/hot.and.toxic\/"]}]}},"rttpg_featured_image_url":null,"rttpg_author":{"display_name":"admin","author_link":"https:\/\/gasleaks.org\/es\/author\/admin\/"},"rttpg_comment":0,"rttpg_category":" <a href=\"https:\/\/gasleaks.org\/es\/?taxonomy=translation_priority&#038;term=opcional\" rel=\"tag\">Opcional<\/a>","rttpg_excerpt":"[vc_row css=\u00bb.vc_custom_1648663402654{margin-left: 3px !important;}\u00bb][vc_column][vc_row_inner css=\u00bb.vc_custom_1724171777406{padding-bottom: 30px !important;}\u00bb][vc_column_inner][\/vc_column_inner][\/vc_row_inner][vc_row_inner css=\u00bb.vc_custom_1724171789382{margin-bottom: 30px !important;padding-top: 30px !important;padding-bottom: 30px !important;}\u00bb][vc_column_inner][vc_column_text css=\u00bb.vc_custom_1724171768226{padding-left: 20px !important;}\u00bb]La industria del gas est\u00e1 siguiendo el ejemplo de las grandes tabacaleras, invirtiendo millones de d\u00f3lares en enga\u00f1ar a los estadounidenses sobre los peligros del gas.[\/vc_column_text][\/vc_column_inner][\/vc_row_inner][vc_row_inner css=\u00bb.vc_custom_1724171856942{margin-bottom: 30px !important;}\u00bb][vc_column_inner][vc_custom_heading text=\u00bbUN SIGLO DE MENTIRAS\u00bb font_container=\u00bbtag:h4|font_size:25|text_align:left|color:%23be1e2d\u00bb use_theme_fonts=\u00bbyes\u00bb][vc_column_text css=\u00bb.vc_custom_1680446811567{padding-left: 20px !important;}\u00bb]\u00bfHas o\u00eddo&hellip;","_links":{"self":[{"href":"https:\/\/gasleaks.org\/es\/wp-json\/wp\/v2\/pages\/4196","targetHints":{"allow":["GET"]}}],"collection":[{"href":"https:\/\/gasleaks.org\/es\/wp-json\/wp\/v2\/pages"}],"about":[{"href":"https:\/\/gasleaks.org\/es\/wp-json\/wp\/v2\/types\/page"}],"author":[{"embeddable":true,"href":"https:\/\/gasleaks.org\/es\/wp-json\/wp\/v2\/users\/1"}],"replies":[{"embeddable":true,"href":"https:\/\/gasleaks.org\/es\/wp-json\/wp\/v2\/comments?post=4196"}],"version-history":[{"count":0,"href":"https:\/\/gasleaks.org\/es\/wp-json\/wp\/v2\/pages\/4196\/revisions"}],"wp:attachment":[{"href":"https:\/\/gasleaks.org\/es\/wp-json\/wp\/v2\/media?parent=4196"}],"curies":[{"name":"wp","href":"https:\/\/api.w.org\/{rel}","templated":true}]}}